{"id":246,"date":"2026-02-10T09:58:48","date_gmt":"2026-02-10T12:58:48","guid":{"rendered":"https:\/\/praw.com.ar\/?page_id=246"},"modified":"2026-02-10T11:22:53","modified_gmt":"2026-02-10T14:22:53","slug":"serum-capilar","status":"publish","type":"page","link":"https:\/\/praw.com.ar\/index.php\/serum-capilar\/","title":{"rendered":"Serum Capilar"},"content":{"rendered":"\n<p>Un cabello sano nace de un cuero cabelludo equilibrado. Este s\u00e9rum capilar fue formulado para actuar directamente sobre el entorno biol\u00f3gico del fol\u00edculo piloso.<\/p>\n\n\n\n<p>El <strong>pantenol y los humectantes fisiol\u00f3gicos<\/strong>  fortalecen la fibra capilar, mejorando su resistencia y brillo. Los <strong>extractos de guaran\u00e1, romero y ortiga<\/strong> estimulan la microcirculaci\u00f3n, aportan antioxidantes y ayudan a equilibrar el cuero cabelludo.<\/p>\n\n\n\n<p>El <strong>aceite liviano de semilla de uva<\/strong>, protegido con vitamina E, nutre sin aportar peso, respetando la ligereza natural del cabello.<\/p>\n\n\n\n<p>Cada ingrediente cumple una funci\u00f3n precisa: estimular, fortalecer y proteger. El resultado es un cuero cabelludo m\u00e1s vital y un cabello visiblemente m\u00e1s fuerte y saludable.<\/p>\n","protected":false},"excerpt":{"rendered":"<p>Un cabello sano nace de un cuero cabelludo equilibrado. Este s\u00e9rum capilar fue formulado para [&hellip;]<\/p>\n","protected":false},"author":1,"featured_media":0,"parent":0,"menu_order":0,"comment_status":"closed","ping_status":"closed","template":"","meta":{"inline_featured_image":false,"footnotes":""},"class_list":["post-246","page","type-page","status-publish","hentry"],"_links":{"self":[{"href":"https:\/\/praw.com.ar\/index.php\/wp-json\/wp\/v2\/pages\/246","targetHints":{"allow":["GET"]}}],"collection":[{"href":"https:\/\/praw.com.ar\/index.php\/wp-json\/wp\/v2\/pages"}],"about":[{"href":"https:\/\/praw.com.ar\/index.php\/wp-json\/wp\/v2\/types\/page"}],"author":[{"embeddable":true,"href":"https:\/\/praw.com.ar\/index.php\/wp-json\/wp\/v2\/users\/1"}],"replies":[{"embeddable":true,"href":"https:\/\/praw.com.ar\/index.php\/wp-json\/wp\/v2\/comments?post=246"}],"version-history":[{"count":3,"href":"https:\/\/praw.com.ar\/index.php\/wp-json\/wp\/v2\/pages\/246\/revisions"}],"predecessor-version":[{"id":257,"href":"https:\/\/praw.com.ar\/index.php\/wp-json\/wp\/v2\/pages\/246\/revisions\/257"}],"wp:attachment":[{"href":"https:\/\/praw.com.ar\/index.php\/wp-json\/wp\/v2\/media?parent=246"}],"curies":[{"name":"wp","href":"https:\/\/api.w.org\/{rel}","templated":true}]}}