{"id":244,"date":"2026-02-10T09:58:09","date_gmt":"2026-02-10T12:58:09","guid":{"rendered":"https:\/\/praw.com.ar\/?page_id=244"},"modified":"2026-02-10T12:23:01","modified_gmt":"2026-02-10T15:23:01","slug":"crema-nutritiva-nocturna","status":"publish","type":"page","link":"https:\/\/praw.com.ar\/index.php\/crema-nutritiva-nocturna\/","title":{"rendered":"Crema Nutritiva Nocturna"},"content":{"rendered":"\n<p><\/p>\n\n\n\n<p><\/p>\n\n\n\n<div class=\"wp-block-columns is-layout-flex wp-container-core-columns-is-layout-28f84493 wp-block-columns-is-layout-flex\">\n<div class=\"wp-block-column is-layout-flow wp-block-column-is-layout-flow\" style=\"flex-basis:33.33%\">\n<figure class=\"wp-block-image size-large\"><img loading=\"lazy\" decoding=\"async\" width=\"768\" height=\"1024\" src=\"https:\/\/praw.com.ar\/wp-content\/uploads\/2026\/01\/Flux2-Klein_00255_-768x1024.png\" alt=\"\" class=\"wp-image-142\" srcset=\"https:\/\/praw.com.ar\/wp-content\/uploads\/2026\/01\/Flux2-Klein_00255_-768x1024.png 768w, https:\/\/praw.com.ar\/wp-content\/uploads\/2026\/01\/Flux2-Klein_00255_-225x300.png 225w, https:\/\/praw.com.ar\/wp-content\/uploads\/2026\/01\/Flux2-Klein_00255_-1152x1536.png 1152w, https:\/\/praw.com.ar\/wp-content\/uploads\/2026\/01\/Flux2-Klein_00255_-600x800.png 600w, https:\/\/praw.com.ar\/wp-content\/uploads\/2026\/01\/Flux2-Klein_00255_.png 1248w\" sizes=\"auto, (max-width: 768px) 100vw, 768px\" \/><\/figure>\n<\/div>\n\n\n\n<div class=\"wp-block-column is-layout-flow wp-block-column-is-layout-flow\" style=\"flex-basis:66.66%\">\n<p>Durante la noche, la piel activa sus procesos de reparaci\u00f3n y renovaci\u00f3n. Esta crema nutritiva fue formulada para <strong>trabajar en sinton\u00eda con ese ritmo biol\u00f3gico<\/strong>.<\/p>\n\n\n\n<p>Las <strong>ceramidas y los l\u00edpidos vegetales<\/strong> restauran la barrera cut\u00e1nea, ayudando a reducir la p\u00e9rdida de agua y mejorando la resistencia de la piel. La <strong>inulina<\/strong>, un prebi\u00f3tico cosm\u00e9tico, apoya el equilibrio del microbioma, clave para una piel sana y tolerante.<\/p>\n\n\n\n<p>El <strong>\u00e1cido hialur\u00f3nico y el pantenol<\/strong> mantienen la hidrataci\u00f3n profunda y favorecen la regeneraci\u00f3n, mientras los <strong>extractos antioxidantes<\/strong> protegen frente al estr\u00e9s oxidativo acumulado durante el d\u00eda.<\/p>\n\n\n\n<p>No se trata de forzar la piel, sino de nutrirla con lo que reconoce y necesita para repararse de forma natural. Al despertar, la piel se siente m\u00e1s calma, flexible y visiblemente descansada.<\/p>\n<\/div>\n<\/div>\n\n\n\n<div class=\"wp-block-columns is-layout-flex wp-container-core-columns-is-layout-28f84493 wp-block-columns-is-layout-flex\">\n<div class=\"wp-block-column is-layout-flow wp-block-column-is-layout-flow\">\n<p class=\"has-background-1-background-color has-background has-content-heading-font-size\"><strong>Ingredientes<\/strong>: <\/p>\n\n\n\n<ul class=\"wp-block-list has-background-2-background-color has-background has-tiny-font-size\">\n<li>Agua purificada<\/li>\n\n\n\n<li>Glicerina vegetal<\/li>\n\n\n\n<li>Goma xantana <\/li>\n\n\n\n<li>Olivem 1000<\/li>\n\n\n\n<li>Alcohol cet\u00edlico<\/li>\n\n\n\n<li>Butil glicol<\/li>\n\n\n\n<li>Propanediol<\/li>\n\n\n\n<li>Aceite de almendras dulces<\/li>\n\n\n\n<li>Fitoescualano<\/li>\n\n\n\n<li>Inulina<\/li>\n\n\n\n<li>Ceramidas<\/li>\n\n\n\n<li>Manteca de karit\u00e9<\/li>\n\n\n\n<li>\u00c1cido hialuronico<\/li>\n\n\n\n<li>Pantenol<\/li>\n\n\n\n<li>Niacinamida<\/li>\n\n\n\n<li>Extracto de manzanilla glic\u00f3lico<\/li>\n\n\n\n<li>Extracto de Avena<\/li>\n\n\n\n<li>Extracto de semillas de uva<\/li>\n\n\n\n<li>\u00c1cido l\u00e1ctico<\/li>\n\n\n\n<li>Vitamina E <\/li>\n\n\n\n<li>Dimeticona<\/li>\n\n\n\n<li>Euxyl PE 9010 (fenoxietanol + etilhexilglicerina)<\/li>\n\n\n\n<li>Fragancia en forma de aceite esencial<br><\/li>\n<\/ul>\n<\/div>\n\n\n\n<div class=\"wp-block-column is-layout-flow wp-block-column-is-layout-flow\">\n<p class=\"has-background-1-background-color has-background has-content-heading-font-size\"><strong>Presentaciones:<\/strong><\/p>\n\n\n\n<ul class=\"wp-block-list has-background-2-background-color has-background\">\n<li>200cc<\/li>\n\n\n\n<li>60cc<\/li>\n<\/ul>\n<\/div>\n<\/div>\n\n\n\n<p><\/p>\n\n\n\n<p><\/p>\n\n\n\n<p><\/p>\n","protected":false},"excerpt":{"rendered":"<p>Durante la noche, la piel activa sus procesos de reparaci\u00f3n y renovaci\u00f3n. Esta crema nutritiva [&hellip;]<\/p>\n","protected":false},"author":1,"featured_media":0,"parent":0,"menu_order":0,"comment_status":"closed","ping_status":"closed","template":"","meta":{"inline_featured_image":false,"footnotes":""},"class_list":["post-244","page","type-page","status-publish","hentry"],"_links":{"self":[{"href":"https:\/\/praw.com.ar\/index.php\/wp-json\/wp\/v2\/pages\/244","targetHints":{"allow":["GET"]}}],"collection":[{"href":"https:\/\/praw.com.ar\/index.php\/wp-json\/wp\/v2\/pages"}],"about":[{"href":"https:\/\/praw.com.ar\/index.php\/wp-json\/wp\/v2\/types\/page"}],"author":[{"embeddable":true,"href":"https:\/\/praw.com.ar\/index.php\/wp-json\/wp\/v2\/users\/1"}],"replies":[{"embeddable":true,"href":"https:\/\/praw.com.ar\/index.php\/wp-json\/wp\/v2\/comments?post=244"}],"version-history":[{"count":2,"href":"https:\/\/praw.com.ar\/index.php\/wp-json\/wp\/v2\/pages\/244\/revisions"}],"predecessor-version":[{"id":269,"href":"https:\/\/praw.com.ar\/index.php\/wp-json\/wp\/v2\/pages\/244\/revisions\/269"}],"wp:attachment":[{"href":"https:\/\/praw.com.ar\/index.php\/wp-json\/wp\/v2\/media?parent=244"}],"curies":[{"name":"wp","href":"https:\/\/api.w.org\/{rel}","templated":true}]}}